{"id":197,"date":"2022-11-28T22:03:57","date_gmt":"2022-11-29T05:03:57","guid":{"rendered":"https:\/\/crushnetworks.com\/es\/contact\/"},"modified":"2022-11-29T15:28:08","modified_gmt":"2022-11-29T22:28:08","slug":"contacto","status":"publish","type":"page","link":"https:\/\/crushnetworks.com\/es\/contacto\/","title":{"rendered":"Contacto"},"content":{"rendered":"\t\t<div data-elementor-type=\"wp-page\" data-elementor-id=\"197\" class=\"elementor elementor-197\" data-elementor-post-type=\"page\">\n\t\t\t\t\t\t<section class=\"elementor-section elementor-top-section elementor-element elementor-element-2549b24c elementor-section-height-min-height elementor-section-boxed elementor-section-height-default elementor-section-items-middle\" data-id=\"2549b24c\" data-element_type=\"section\" data-e-type=\"section\" data-settings=\"{&quot;background_background&quot;:&quot;classic&quot;}\">\n\t\t\t\t\t\t<div class=\"elementor-container elementor-column-gap-no\">\n\t\t\t\t\t<div class=\"elementor-column elementor-col-100 elementor-top-column elementor-element elementor-element-5878d9ab\" data-id=\"5878d9ab\" data-element_type=\"column\" data-e-type=\"column\">\n\t\t\t<div class=\"elementor-widget-wrap elementor-element-populated\">\n\t\t\t\t\t\t<div class=\"elementor-element elementor-element-254fbc5 elementor-widget elementor-widget-heading\" data-id=\"254fbc5\" data-element_type=\"widget\" data-e-type=\"widget\" data-widget_type=\"heading.default\">\n\t\t\t\t<div class=\"elementor-widget-container\">\n\t\t\t\t\t<h2 class=\"elementor-heading-title elementor-size-default\">Cont\u00e1ctanos<\/h2>\t\t\t\t<\/div>\n\t\t\t\t<\/div>\n\t\t\t\t<section class=\"elementor-section elementor-inner-section elementor-element elementor-element-2b01921d elementor-section-boxed elementor-section-height-default elementor-section-height-default\" data-id=\"2b01921d\" data-element_type=\"section\" data-e-type=\"section\">\n\t\t\t\t\t\t<div class=\"elementor-container elementor-column-gap-no\">\n\t\t\t\t\t<div class=\"elementor-column elementor-col-100 elementor-inner-column elementor-element elementor-element-3ec7f447\" data-id=\"3ec7f447\" data-element_type=\"column\" data-e-type=\"column\">\n\t\t\t<div class=\"elementor-widget-wrap elementor-element-populated\">\n\t\t\t\t\t\t<div class=\"elementor-element elementor-element-4bd67419 elementor-widget elementor-widget-text-editor\" data-id=\"4bd67419\" data-element_type=\"widget\" data-e-type=\"widget\" data-widget_type=\"text-editor.default\">\n\t\t\t\t<div class=\"elementor-widget-container\">\n\t\t\t\t\t\t\t\t\t<p>Nos encantar\u00e1 contactar contigo. Ya sea que solo tengas una consulta general o necesites ayuda con un problema espec\u00edfico, ponte en contacto con nosotros.<\/p>\n<p>Nos encantar\u00e1 saber qu\u00e9 necesitas y ver c\u00f3mo podemos ayudarte a <strong>\u00a1Aplastar la TI!<\/strong><\/p>\t\t\t\t\t\t\t\t<\/div>\n\t\t\t\t<\/div>\n\t\t\t\t<div class=\"elementor-element elementor-element-2f07782e elementor-widget-divider--view-line elementor-widget elementor-widget-divider\" data-id=\"2f07782e\" data-element_type=\"widget\" data-e-type=\"widget\" data-widget_type=\"divider.default\">\n\t\t\t\t<div class=\"elementor-widget-container\">\n\t\t\t\t\t\t\t<div class=\"elementor-divider\">\n\t\t\t<span class=\"elementor-divider-separator\">\n\t\t\t\t\t\t<\/span>\n\t\t<\/div>\n\t\t\t\t\t\t<\/div>\n\t\t\t\t<\/div>\n\t\t\t\t\t<\/div>\n\t\t<\/div>\n\t\t\t\t\t<\/div>\n\t\t<\/section>\n\t\t\t\t<div class=\"elementor-element elementor-element-1523af48 elementor-widget elementor-widget-wpforms\" data-id=\"1523af48\" data-element_type=\"widget\" data-e-type=\"widget\" data-widget_type=\"wpforms.default\">\n\t\t\t\t<div class=\"elementor-widget-container\">\n\t\t\t\t\t<div class=\"wpforms-container wpforms-container-full\" id=\"wpforms-299\"><form id=\"wpforms-form-299\" class=\"wpforms-validate wpforms-form wpforms-ajax-form\" data-formid=\"299\" method=\"post\" enctype=\"multipart\/form-data\" action=\"\/es\/wp-json\/wp\/v2\/pages\/197\" data-token=\"d331c7beef0ff5baa0d6436eb86c938a\" data-token-time=\"1777552586\"><noscript class=\"wpforms-error-noscript\">Por favor, activa JavaScript en tu navegador para completar este formulario.<\/noscript><div class=\"wpforms-field-container\"><div id=\"wpforms-299-field_0-container\" class=\"wpforms-field wpforms-field-name\" data-field-id=\"0\"><label class=\"wpforms-field-label wpforms-label-hide\" for=\"wpforms-299-field_0\">Nombre <span class=\"wpforms-required-label\">*<\/span><\/label><div class=\"wpforms-field-row wpforms-field-large\"><div class=\"wpforms-field-row-block wpforms-first wpforms-one-half\"><input type=\"text\" id=\"wpforms-299-field_0\" class=\"wpforms-field-name-first wpforms-field-required\" name=\"wpforms[fields][0][first]\" placeholder=\"Nombre\" required><label for=\"wpforms-299-field_0\" class=\"wpforms-field-sublabel after wpforms-sublabel-hide\">Nombre<\/label><\/div><div class=\"wpforms-field-row-block wpforms-one-half\"><input type=\"text\" id=\"wpforms-299-field_0-last\" class=\"wpforms-field-name-last wpforms-field-required\" name=\"wpforms[fields][0][last]\" placeholder=\"Apellido(s)\" required><label for=\"wpforms-299-field_0-last\" class=\"wpforms-field-sublabel after wpforms-sublabel-hide\">Apellidos<\/label><\/div><\/div><\/div><div id=\"wpforms-299-field_1-container\" class=\"wpforms-field wpforms-field-email\" data-field-id=\"1\"><label class=\"wpforms-field-label wpforms-label-hide\" for=\"wpforms-299-field_1\">Email <span class=\"wpforms-required-label\">*<\/span><\/label><input type=\"email\" id=\"wpforms-299-field_1\" class=\"wpforms-field-large wpforms-field-required\" name=\"wpforms[fields][1]\" placeholder=\"Email\" spellcheck=\"false\" required><\/div><div id=\"wpforms-299-field_3-container\" class=\"wpforms-field wpforms-field-number\" data-field-id=\"3\"><label class=\"wpforms-field-label wpforms-label-hide\" for=\"wpforms-299-field_3\">Tel<\/label><input type=\"number\" id=\"wpforms-299-field_3\" class=\"wpforms-field-large\" name=\"wpforms[fields][3]\" placeholder=\"Tel.\" step=\"any\" ><\/div><div id=\"wpforms-299-field_4-container\" class=\"wpforms-field wpforms-field-text\" data-field-id=\"4\"><label class=\"wpforms-field-label wpforms-label-hide\" for=\"wpforms-299-field_4\">Empresa<\/label><input type=\"text\" id=\"wpforms-299-field_4\" class=\"wpforms-field-large\" name=\"wpforms[fields][4]\" placeholder=\"Empresa\" ><\/div><div id=\"wpforms-299-field_2-container\" class=\"wpforms-field wpforms-field-textarea\" data-field-id=\"2\"><label class=\"wpforms-field-label wpforms-label-hide\" for=\"wpforms-299-field_2\">Mensaje o Comentario<\/label><textarea id=\"wpforms-299-field_2\" class=\"wpforms-field-large\" name=\"wpforms[fields][2]\" placeholder=\"Mensaje o Comentario\" ><\/textarea><\/div><\/div><!-- .wpforms-field-container --><div class=\"wpforms-recaptcha-container wpforms-is-recaptcha wpforms-is-recaptcha-type-v3\" ><input type=\"hidden\" name=\"wpforms[recaptcha]\" value=\"\"><\/div><div class=\"wpforms-submit-container\" ><input type=\"hidden\" name=\"wpforms[id]\" value=\"299\"><input type=\"hidden\" name=\"page_title\" value=\"\"><input type=\"hidden\" name=\"page_url\" value=\"https:\/\/crushnetworks.com\/es\/wp-json\/wp\/v2\/pages\/197\"><input type=\"hidden\" name=\"url_referer\" value=\"\"><button type=\"submit\" name=\"wpforms[submit]\" id=\"wpforms-submit-299\" class=\"wpforms-submit\" data-alt-text=\"Enviando...\" data-submit-text=\"Enviar\" aria-live=\"assertive\" value=\"wpforms-submit\">Enviar<\/button><img decoding=\"async\" src=\"https:\/\/crushnetworks.com\/es\/wp-content\/plugins\/wpforms-lite\/assets\/images\/submit-spin.svg\" class=\"wpforms-submit-spinner\" style=\"display: none;\" width=\"26\" height=\"26\" alt=\"Cargando\"><\/div><\/form><\/div>  <!-- .wpforms-container -->\t\t\t\t<\/div>\n\t\t\t\t<\/div>\n\t\t\t\t\t<\/div>\n\t\t<\/div>\n\t\t\t\t\t<\/div>\n\t\t<\/section>\n\t\t\t\t<\/div>\n\t\t","protected":false},"excerpt":{"rendered":"<p>Cont\u00e1ctanos Nos encantar\u00e1 contactar contigo. Ya sea que solo tengas una consulta general o necesites ayuda con un problema espec\u00edfico, ponte en contacto con nosotros. Nos encantar\u00e1 saber qu\u00e9 necesitas y ver c\u00f3mo podemos ayudarte a \u00a1Aplastar la TI!<\/p>\n","protected":false},"author":1,"featured_media":0,"parent":0,"menu_order":0,"comment_status":"closed","ping_status":"closed","template":"elementor_header_footer","meta":{"footnotes":""},"class_list":["post-197","page","type-page","status-publish","hentry"],"yoast_head":"<!-- This site is optimized with the Yoast SEO plugin v26.9 - https:\/\/yoast.com\/product\/yoast-seo-wordpress\/ -->\n<title>Contacto - Crush Networks MX<\/title>\n<meta name=\"robots\" content=\"index, follow, max-snippet:-1, max-image-preview:large, max-video-preview:-1\" \/>\n<link rel=\"canonical\" href=\"https:\/\/crushnetworks.com\/es\/contacto\/\" \/>\n<meta property=\"og:locale\" content=\"es_MX\" \/>\n<meta property=\"og:type\" content=\"article\" \/>\n<meta property=\"og:title\" content=\"Contacto - Crush Networks MX\" \/>\n<meta property=\"og:description\" content=\"Cont\u00e1ctanos Nos encantar\u00e1 contactar contigo. Ya sea que solo tengas una consulta general o necesites ayuda con un problema espec\u00edfico, ponte en contacto con nosotros. Nos encantar\u00e1 saber qu\u00e9 necesitas y ver c\u00f3mo podemos ayudarte a \u00a1Aplastar la TI!\" \/>\n<meta property=\"og:url\" content=\"https:\/\/crushnetworks.com\/es\/contacto\/\" \/>\n<meta property=\"og:site_name\" content=\"Crush Networks MX\" \/>\n<meta property=\"article:publisher\" content=\"https:\/\/www.facebook.com\/crushnetworks\" \/>\n<meta property=\"article:modified_time\" content=\"2022-11-29T22:28:08+00:00\" \/>\n<meta name=\"twitter:card\" content=\"summary_large_image\" \/>\n<meta name=\"twitter:site\" content=\"@CrushNetworks\" \/>\n<script type=\"application\/ld+json\" class=\"yoast-schema-graph\">{\"@context\":\"https:\/\/schema.org\",\"@graph\":[{\"@type\":\"WebPage\",\"@id\":\"https:\/\/crushnetworks.com\/es\/contacto\/\",\"url\":\"https:\/\/crushnetworks.com\/es\/contacto\/\",\"name\":\"Contacto - Crush Networks MX\",\"isPartOf\":{\"@id\":\"https:\/\/crushnetworks.com\/es\/#website\"},\"datePublished\":\"2022-11-29T05:03:57+00:00\",\"dateModified\":\"2022-11-29T22:28:08+00:00\",\"breadcrumb\":{\"@id\":\"https:\/\/crushnetworks.com\/es\/contacto\/#breadcrumb\"},\"inLanguage\":\"es\",\"potentialAction\":[{\"@type\":\"ReadAction\",\"target\":[\"https:\/\/crushnetworks.com\/es\/contacto\/\"]}]},{\"@type\":\"BreadcrumbList\",\"@id\":\"https:\/\/crushnetworks.com\/es\/contacto\/#breadcrumb\",\"itemListElement\":[{\"@type\":\"ListItem\",\"position\":1,\"name\":\"Home\",\"item\":\"https:\/\/crushnetworks.com\/es\/\"},{\"@type\":\"ListItem\",\"position\":2,\"name\":\"Contacto\"}]},{\"@type\":\"WebSite\",\"@id\":\"https:\/\/crushnetworks.com\/es\/#website\",\"url\":\"https:\/\/crushnetworks.com\/es\/\",\"name\":\"Crush Networks MX\",\"description\":\"Te ayudamos a superar tus desafos con la TI\",\"publisher\":{\"@id\":\"https:\/\/crushnetworks.com\/es\/#organization\"},\"potentialAction\":[{\"@type\":\"SearchAction\",\"target\":{\"@type\":\"EntryPoint\",\"urlTemplate\":\"https:\/\/crushnetworks.com\/es\/?s={search_term_string}\"},\"query-input\":{\"@type\":\"PropertyValueSpecification\",\"valueRequired\":true,\"valueName\":\"search_term_string\"}}],\"inLanguage\":\"es\"},{\"@type\":\"Organization\",\"@id\":\"https:\/\/crushnetworks.com\/es\/#organization\",\"name\":\"Crush Networks MX\",\"url\":\"https:\/\/crushnetworks.com\/es\/\",\"logo\":{\"@type\":\"ImageObject\",\"inLanguage\":\"es\",\"@id\":\"https:\/\/crushnetworks.com\/es\/#\/schema\/logo\/image\/\",\"url\":\"https:\/\/crushnetworks.com\/es\/wp-content\/uploads\/sites\/6\/2022\/11\/crush_networks_1120x600px.png\",\"contentUrl\":\"https:\/\/crushnetworks.com\/es\/wp-content\/uploads\/sites\/6\/2022\/11\/crush_networks_1120x600px.png\",\"width\":1120,\"height\":600,\"caption\":\"Crush Networks MX\"},\"image\":{\"@id\":\"https:\/\/crushnetworks.com\/es\/#\/schema\/logo\/image\/\"},\"sameAs\":[\"https:\/\/www.facebook.com\/crushnetworks\",\"https:\/\/x.com\/CrushNetworks\",\"https:\/\/www.linkedin.com\/company\/crushnetworks\/\"]}]}<\/script>\n<!-- \/ Yoast SEO plugin. -->","yoast_head_json":{"title":"Contacto - Crush Networks MX","robots":{"index":"index","follow":"follow","max-snippet":"max-snippet:-1","max-image-preview":"max-image-preview:large","max-video-preview":"max-video-preview:-1"},"canonical":"https:\/\/crushnetworks.com\/es\/contacto\/","og_locale":"es_MX","og_type":"article","og_title":"Contacto - Crush Networks MX","og_description":"Cont\u00e1ctanos Nos encantar\u00e1 contactar contigo. Ya sea que solo tengas una consulta general o necesites ayuda con un problema espec\u00edfico, ponte en contacto con nosotros. Nos encantar\u00e1 saber qu\u00e9 necesitas y ver c\u00f3mo podemos ayudarte a \u00a1Aplastar la TI!","og_url":"https:\/\/crushnetworks.com\/es\/contacto\/","og_site_name":"Crush Networks MX","article_publisher":"https:\/\/www.facebook.com\/crushnetworks","article_modified_time":"2022-11-29T22:28:08+00:00","twitter_card":"summary_large_image","twitter_site":"@CrushNetworks","schema":{"@context":"https:\/\/schema.org","@graph":[{"@type":"WebPage","@id":"https:\/\/crushnetworks.com\/es\/contacto\/","url":"https:\/\/crushnetworks.com\/es\/contacto\/","name":"Contacto - Crush Networks MX","isPartOf":{"@id":"https:\/\/crushnetworks.com\/es\/#website"},"datePublished":"2022-11-29T05:03:57+00:00","dateModified":"2022-11-29T22:28:08+00:00","breadcrumb":{"@id":"https:\/\/crushnetworks.com\/es\/contacto\/#breadcrumb"},"inLanguage":"es","potentialAction":[{"@type":"ReadAction","target":["https:\/\/crushnetworks.com\/es\/contacto\/"]}]},{"@type":"BreadcrumbList","@id":"https:\/\/crushnetworks.com\/es\/contacto\/#breadcrumb","itemListElement":[{"@type":"ListItem","position":1,"name":"Home","item":"https:\/\/crushnetworks.com\/es\/"},{"@type":"ListItem","position":2,"name":"Contacto"}]},{"@type":"WebSite","@id":"https:\/\/crushnetworks.com\/es\/#website","url":"https:\/\/crushnetworks.com\/es\/","name":"Crush Networks MX","description":"Te ayudamos a superar tus desafos con la TI","publisher":{"@id":"https:\/\/crushnetworks.com\/es\/#organization"},"potentialAction":[{"@type":"SearchAction","target":{"@type":"EntryPoint","urlTemplate":"https:\/\/crushnetworks.com\/es\/?s={search_term_string}"},"query-input":{"@type":"PropertyValueSpecification","valueRequired":true,"valueName":"search_term_string"}}],"inLanguage":"es"},{"@type":"Organization","@id":"https:\/\/crushnetworks.com\/es\/#organization","name":"Crush Networks MX","url":"https:\/\/crushnetworks.com\/es\/","logo":{"@type":"ImageObject","inLanguage":"es","@id":"https:\/\/crushnetworks.com\/es\/#\/schema\/logo\/image\/","url":"https:\/\/crushnetworks.com\/es\/wp-content\/uploads\/sites\/6\/2022\/11\/crush_networks_1120x600px.png","contentUrl":"https:\/\/crushnetworks.com\/es\/wp-content\/uploads\/sites\/6\/2022\/11\/crush_networks_1120x600px.png","width":1120,"height":600,"caption":"Crush Networks MX"},"image":{"@id":"https:\/\/crushnetworks.com\/es\/#\/schema\/logo\/image\/"},"sameAs":["https:\/\/www.facebook.com\/crushnetworks","https:\/\/x.com\/CrushNetworks","https:\/\/www.linkedin.com\/company\/crushnetworks\/"]}]}},"_links":{"self":[{"href":"https:\/\/crushnetworks.com\/es\/wp-json\/wp\/v2\/pages\/197","targetHints":{"allow":["GET"]}}],"collection":[{"href":"https:\/\/crushnetworks.com\/es\/wp-json\/wp\/v2\/pages"}],"about":[{"href":"https:\/\/crushnetworks.com\/es\/wp-json\/wp\/v2\/types\/page"}],"author":[{"embeddable":true,"href":"https:\/\/crushnetworks.com\/es\/wp-json\/wp\/v2\/users\/1"}],"replies":[{"embeddable":true,"href":"https:\/\/crushnetworks.com\/es\/wp-json\/wp\/v2\/comments?post=197"}],"version-history":[{"count":5,"href":"https:\/\/crushnetworks.com\/es\/wp-json\/wp\/v2\/pages\/197\/revisions"}],"predecessor-version":[{"id":319,"href":"https:\/\/crushnetworks.com\/es\/wp-json\/wp\/v2\/pages\/197\/revisions\/319"}],"wp:attachment":[{"href":"https:\/\/crushnetworks.com\/es\/wp-json\/wp\/v2\/media?parent=197"}],"curies":[{"name":"wp","href":"https:\/\/api.w.org\/{rel}","templated":true}]}}