{"id":188,"date":"2022-11-28T22:03:57","date_gmt":"2022-11-29T05:03:57","guid":{"rendered":"https:\/\/crushnetworks.com\/es\/about\/"},"modified":"2024-07-21T09:23:30","modified_gmt":"2024-07-21T16:23:30","slug":"nosotros","status":"publish","type":"page","link":"https:\/\/crushnetworks.com\/es\/nosotros\/","title":{"rendered":"Nosotros"},"content":{"rendered":"\t\t<div data-elementor-type=\"wp-page\" data-elementor-id=\"188\" class=\"elementor elementor-188\" data-elementor-post-type=\"page\">\n\t\t\t\t\t\t<section class=\"elementor-section elementor-top-section elementor-element elementor-element-6663809e elementor-section-full_width elementor-section-height-default elementor-section-height-default\" data-id=\"6663809e\" data-element_type=\"section\" data-e-type=\"section\">\n\t\t\t\t\t\t<div class=\"elementor-container elementor-column-gap-no\">\n\t\t\t\t\t<div class=\"elementor-column elementor-col-100 elementor-top-column elementor-element elementor-element-5c6da75e\" data-id=\"5c6da75e\" data-element_type=\"column\" data-e-type=\"column\">\n\t\t\t<div class=\"elementor-widget-wrap elementor-element-populated\">\n\t\t\t\t\t\t<div class=\"elementor-element elementor-element-c55bb34 elementor-widget elementor-widget-heading\" data-id=\"c55bb34\" data-element_type=\"widget\" data-e-type=\"widget\" data-widget_type=\"heading.default\">\n\t\t\t\t<div class=\"elementor-widget-container\">\n\t\t\t\t\t<h1 class=\"elementor-heading-title elementor-size-default\">Acerca de Nosotros<\/h1>\t\t\t\t<\/div>\n\t\t\t\t<\/div>\n\t\t\t\t\t<\/div>\n\t\t<\/div>\n\t\t\t\t\t<\/div>\n\t\t<\/section>\n\t\t\t\t<section class=\"elementor-section elementor-top-section elementor-element elementor-element-2aa07665 elementor-section-content-middle elementor-section-boxed elementor-section-height-default elementor-section-height-default\" data-id=\"2aa07665\" data-element_type=\"section\" data-e-type=\"section\">\n\t\t\t\t\t\t<div class=\"elementor-container elementor-column-gap-no\">\n\t\t\t\t\t<div class=\"elementor-column elementor-col-100 elementor-top-column elementor-element elementor-element-11f6de24\" data-id=\"11f6de24\" data-element_type=\"column\" data-e-type=\"column\">\n\t\t\t<div class=\"elementor-widget-wrap elementor-element-populated\">\n\t\t\t\t\t\t<div class=\"elementor-element elementor-element-42da2ed elementor-widget__width-inherit elementor-position-top elementor-widget elementor-widget-image-box\" data-id=\"42da2ed\" data-element_type=\"widget\" data-e-type=\"widget\" data-widget_type=\"image-box.default\">\n\t\t\t\t<div class=\"elementor-widget-container\">\n\t\t\t\t\t<div class=\"elementor-image-box-wrapper\"><figure class=\"elementor-image-box-img\"><img fetchpriority=\"high\" decoding=\"async\" width=\"400\" height=\"400\" src=\"https:\/\/crushnetworks.com\/es\/wp-content\/uploads\/sites\/6\/2022\/11\/David-Leveille.png\" class=\"attachment-full size-full wp-image-24\" alt=\"David Leveille\" srcset=\"https:\/\/crushnetworks.com\/es\/wp-content\/uploads\/sites\/6\/2022\/11\/David-Leveille.png 400w, https:\/\/crushnetworks.com\/es\/wp-content\/uploads\/sites\/6\/2022\/11\/David-Leveille-300x300.png 300w, https:\/\/crushnetworks.com\/es\/wp-content\/uploads\/sites\/6\/2022\/11\/David-Leveille-150x150.png 150w\" sizes=\"(max-width: 400px) 100vw, 400px\" \/><\/figure><div class=\"elementor-image-box-content\"><h3 class=\"elementor-image-box-title\">David Leveille<\/h3><p class=\"elementor-image-box-description\">Presidente<\/p><\/div><\/div>\t\t\t\t<\/div>\n\t\t\t\t<\/div>\n\t\t\t\t<div class=\"elementor-element elementor-element-75e5743 elementor-widget__width-auto elementor-widget elementor-widget-text-editor\" data-id=\"75e5743\" data-element_type=\"widget\" data-e-type=\"widget\" data-widget_type=\"text-editor.default\">\n\t\t\t\t<div class=\"elementor-widget-container\">\n\t\t\t\t\t\t\t\t\tSharePoint, Teams, Azure, Power Platform e Integraci\u00f3n de Sistemas\t\t\t\t\t\t\t\t<\/div>\n\t\t\t\t<\/div>\n\t\t\t\t\t<\/div>\n\t\t<\/div>\n\t\t\t\t\t<\/div>\n\t\t<\/section>\n\t\t\t\t<section class=\"elementor-section elementor-top-section elementor-element elementor-element-164f4d8 elementor-section-boxed elementor-section-height-default elementor-section-height-default\" data-id=\"164f4d8\" data-element_type=\"section\" data-e-type=\"section\" data-settings=\"{&quot;background_background&quot;:&quot;classic&quot;}\">\n\t\t\t\t\t\t<div class=\"elementor-container elementor-column-gap-default\">\n\t\t\t\t\t<div class=\"elementor-column elementor-col-100 elementor-top-column elementor-element elementor-element-6812a129\" data-id=\"6812a129\" data-element_type=\"column\" data-e-type=\"column\">\n\t\t\t<div class=\"elementor-widget-wrap elementor-element-populated\">\n\t\t\t\t\t\t<div class=\"elementor-element elementor-element-6a7c6782 elementor-widget elementor-widget-heading\" data-id=\"6a7c6782\" data-element_type=\"widget\" data-e-type=\"widget\" data-widget_type=\"heading.default\">\n\t\t\t\t<div class=\"elementor-widget-container\">\n\t\t\t\t\t<h2 class=\"elementor-heading-title elementor-size-default\">\u00bfQu\u00e9 es Crush Networks?<\/h2>\t\t\t\t<\/div>\n\t\t\t\t<\/div>\n\t\t\t\t<div class=\"elementor-element elementor-element-5f7d396a elementor-widget elementor-widget-text-editor\" data-id=\"5f7d396a\" data-element_type=\"widget\" data-e-type=\"widget\" data-widget_type=\"text-editor.default\">\n\t\t\t\t<div class=\"elementor-widget-container\">\n\t\t\t\t\t\t\t\t\t<p>Crush Networks es una empresa que ayuda a l\u00edderes tecnol\u00f3gicos a superar sus desaf\u00edos de la TI, ayud\u00e1ndote a\u00a0<strong>aplastar la TI<\/strong>. Fundada en 2017, nuestras ra\u00edces se remontan a m\u00e1s de 20 a\u00f1os en la industria de tecnolog\u00eda de inform\u00e1tica.<\/p><p>Durante las \u00faltimas dos d\u00e9cadas, nuestro fundador de Crush Network, David Leveille:<\/p>\t\t\t\t\t\t\t\t<\/div>\n\t\t\t\t<\/div>\n\t\t\t\t<div class=\"elementor-element elementor-element-236198ca elementor-icon-list--layout-traditional elementor-list-item-link-full_width elementor-widget elementor-widget-icon-list\" data-id=\"236198ca\" data-element_type=\"widget\" data-e-type=\"widget\" data-widget_type=\"icon-list.default\">\n\t\t\t\t<div class=\"elementor-widget-container\">\n\t\t\t\t\t\t\t<ul class=\"elementor-icon-list-items\">\n\t\t\t\t\t\t\t<li class=\"elementor-icon-list-item\">\n\t\t\t\t\t\t\t\t\t\t\t<span class=\"elementor-icon-list-icon\">\n\t\t\t\t\t\t\t<i aria-hidden=\"true\" class=\"fas fa-chevron-right\"><\/i>\t\t\t\t\t\t<\/span>\n\t\t\t\t\t\t\t\t\t\t<span class=\"elementor-icon-list-text\">Inici\u00f3 una empresa de tecnolog\u00eda a mediados de los 90, que fue adquirida por una empresa de tecnolog\u00eda m\u00e1s grande.<\/span>\n\t\t\t\t\t\t\t\t\t<\/li>\n\t\t\t\t\t\t\t\t<li class=\"elementor-icon-list-item\">\n\t\t\t\t\t\t\t\t\t\t\t<span class=\"elementor-icon-list-icon\">\n\t\t\t\t\t\t\t<i aria-hidden=\"true\" class=\"fas fa-chevron-right\"><\/i>\t\t\t\t\t\t<\/span>\n\t\t\t\t\t\t\t\t\t\t<span class=\"elementor-icon-list-text\">Trabaj\u00f3 para Microsoft a finales de los 90 para equipos de productos.<\/span>\n\t\t\t\t\t\t\t\t\t<\/li>\n\t\t\t\t\t\t\t\t<li class=\"elementor-icon-list-item\">\n\t\t\t\t\t\t\t\t\t\t\t<span class=\"elementor-icon-list-icon\">\n\t\t\t\t\t\t\t<i aria-hidden=\"true\" class=\"fas fa-chevron-right\"><\/i>\t\t\t\t\t\t<\/span>\n\t\t\t\t\t\t\t\t\t\t<span class=\"elementor-icon-list-text\">Ha realizado consultor\u00eda de gesti\u00f3n para empresas Fortune 100.<\/span>\n\t\t\t\t\t\t\t\t\t<\/li>\n\t\t\t\t\t\t\t\t<li class=\"elementor-icon-list-item\">\n\t\t\t\t\t\t\t\t\t\t\t<span class=\"elementor-icon-list-icon\">\n\t\t\t\t\t\t\t<i aria-hidden=\"true\" class=\"fas fa-chevron-right\"><\/i>\t\t\t\t\t\t<\/span>\n\t\t\t\t\t\t\t\t\t\t<span class=\"elementor-icon-list-text\">Regres\u00f3 a Microsoft como experto en la materia de SharePoint.<\/span>\n\t\t\t\t\t\t\t\t\t<\/li>\n\t\t\t\t\t\t\t\t<li class=\"elementor-icon-list-item\">\n\t\t\t\t\t\t\t\t\t\t\t<span class=\"elementor-icon-list-icon\">\n\t\t\t\t\t\t\t<i aria-hidden=\"true\" class=\"fas fa-chevron-right\"><\/i>\t\t\t\t\t\t<\/span>\n\t\t\t\t\t\t\t\t\t\t<span class=\"elementor-icon-list-text\">Fund\u00f3 Crush Networks, Inc.<\/span>\n\t\t\t\t\t\t\t\t\t<\/li>\n\t\t\t\t\t\t<\/ul>\n\t\t\t\t\t\t<\/div>\n\t\t\t\t<\/div>\n\t\t\t\t<div class=\"elementor-element elementor-element-66fb820c elementor-widget elementor-widget-text-editor\" data-id=\"66fb820c\" data-element_type=\"widget\" data-e-type=\"widget\" data-widget_type=\"text-editor.default\">\n\t\t\t\t<div class=\"elementor-widget-container\">\n\t\t\t\t\t\t\t\t\t<p>Crush Networks representa no s\u00f3lo la amplia gama de experiencia t\u00e9cnica y conexiones de David Leveille en la industria, sino tambi\u00e9n el conjunto de habilidades de los consultores que hemos reunido a lo largo de los a\u00f1os.<\/p>\t\t\t\t\t\t\t\t<\/div>\n\t\t\t\t<\/div>\n\t\t\t\t\t<\/div>\n\t\t<\/div>\n\t\t\t\t\t<\/div>\n\t\t<\/section>\n\t\t\t\t<section class=\"elementor-section elementor-top-section elementor-element elementor-element-3b9d823 elementor-section-boxed elementor-section-height-default elementor-section-height-default\" data-id=\"3b9d823\" data-element_type=\"section\" data-e-type=\"section\">\n\t\t\t\t\t\t<div class=\"elementor-container elementor-column-gap-default\">\n\t\t\t\t\t<div class=\"elementor-column elementor-col-50 elementor-top-column elementor-element elementor-element-7dc9f097\" data-id=\"7dc9f097\" data-element_type=\"column\" data-e-type=\"column\">\n\t\t\t<div class=\"elementor-widget-wrap elementor-element-populated\">\n\t\t\t\t\t\t<div class=\"elementor-element elementor-element-549abef9 elementor-widget elementor-widget-heading\" data-id=\"549abef9\" data-element_type=\"widget\" data-e-type=\"widget\" data-widget_type=\"heading.default\">\n\t\t\t\t<div class=\"elementor-widget-container\">\n\t\t\t\t\t<h3 class=\"elementor-heading-title elementor-size-default\">C\u00f3mo Surgi\u00f3 el Nombre<\/h3>\t\t\t\t<\/div>\n\t\t\t\t<\/div>\n\t\t\t\t<div class=\"elementor-element elementor-element-31142592 elementor-widget elementor-widget-text-editor\" data-id=\"31142592\" data-element_type=\"widget\" data-e-type=\"widget\" data-widget_type=\"text-editor.default\">\n\t\t\t\t<div class=\"elementor-widget-container\">\n\t\t\t\t\t\t\t\t\t<p>Habiendo trabajado como contratista durante a\u00f1os, David Leveille cre\u00f3 Crush Networks en junio de 2017. Mientras se preparaba para incorporarse, todo parec\u00eda encajar perfectamente.<\/p><p><strong>&#8220;\u00a1Lo est\u00e1s aplastando!&#8221; exclam\u00f3 su esposa, y el resto es historia.<\/strong><\/p>\t\t\t\t\t\t\t\t<\/div>\n\t\t\t\t<\/div>\n\t\t\t\t\t<\/div>\n\t\t<\/div>\n\t\t\t\t<div class=\"elementor-column elementor-col-50 elementor-top-column elementor-element elementor-element-6f6f219e\" data-id=\"6f6f219e\" data-element_type=\"column\" data-e-type=\"column\">\n\t\t\t<div class=\"elementor-widget-wrap elementor-element-populated\">\n\t\t\t\t\t\t<div class=\"elementor-element elementor-element-2f2d52ba elementor-align-center elementor-widget elementor-widget-button\" data-id=\"2f2d52ba\" data-element_type=\"widget\" data-e-type=\"widget\" data-settings=\"{&quot;_animation&quot;:&quot;none&quot;}\" data-widget_type=\"button.default\">\n\t\t\t\t<div class=\"elementor-widget-container\">\n\t\t\t\t\t\t\t\t\t<div class=\"elementor-button-wrapper\">\n\t\t\t\t\t<a class=\"elementor-button elementor-button-link elementor-size-sm\" href=\"https:\/\/crushnetworks.com\/es\/contacto\/\">\n\t\t\t\t\t\t<span class=\"elementor-button-content-wrapper\">\n\t\t\t\t\t\t\t\t\t<span class=\"elementor-button-text\">Cont\u00e1ctanos Hoy<\/span>\n\t\t\t\t\t<\/span>\n\t\t\t\t\t<\/a>\n\t\t\t\t<\/div>\n\t\t\t\t\t\t\t\t<\/div>\n\t\t\t\t<\/div>\n\t\t\t\t\t<\/div>\n\t\t<\/div>\n\t\t\t\t\t<\/div>\n\t\t<\/section>\n\t\t\t\t<section class=\"elementor-section elementor-top-section elementor-element elementor-element-5f8b3f79 elementor-section-boxed elementor-section-height-default elementor-section-height-default\" data-id=\"5f8b3f79\" data-element_type=\"section\" data-e-type=\"section\" data-settings=\"{&quot;background_background&quot;:&quot;gradient&quot;}\">\n\t\t\t\t\t\t<div class=\"elementor-container elementor-column-gap-default\">\n\t\t\t\t\t<div class=\"elementor-column elementor-col-100 elementor-top-column elementor-element elementor-element-1e053c5b\" data-id=\"1e053c5b\" data-element_type=\"column\" data-e-type=\"column\">\n\t\t\t<div class=\"elementor-widget-wrap elementor-element-populated\">\n\t\t\t\t\t\t<div class=\"elementor-element elementor-element-57bcacd4 elementor-widget elementor-widget-heading\" data-id=\"57bcacd4\" data-element_type=\"widget\" data-e-type=\"widget\" data-widget_type=\"heading.default\">\n\t\t\t\t<div class=\"elementor-widget-container\">\n\t\t\t\t\t<h2 class=\"elementor-heading-title elementor-size-default\">Nuestro Factor Diferenciador<\/h2>\t\t\t\t<\/div>\n\t\t\t\t<\/div>\n\t\t\t\t<div class=\"elementor-element elementor-element-7d615eaa elementor-widget elementor-widget-text-editor\" data-id=\"7d615eaa\" data-element_type=\"widget\" data-e-type=\"widget\" data-widget_type=\"text-editor.default\">\n\t\t\t\t<div class=\"elementor-widget-container\">\n\t\t\t\t\t\t\t\t\t<p>Lo hemos visto una y otra vez. Cotizamos un trabajo, pero finalmente la empresa elige un proveedor o trabajador independiente menos experimentado y menos costoso. Y luego, en 6 a 12 meses, la compa\u00f1\u00eda termina llam\u00e1ndonos para arreglar lo que sea que haya fallado, a menudo debido a la falta de comprensi\u00f3n o habilidades. En ese momento, el proyecto suele estar por encima del presupuesto y retrasado. En estos casos, por supuesto, estaremos encantados de ayudar, pero es posible que no estemos disponibles.<\/p><p>\u00bfNo ser\u00eda m\u00e1s rentable optar por el equipo de Crush Networks? Tenemos un largo historial de llegar a tiempo y por debajo del presupuesto, lo que se puede atribuir a nuestra mentalidad de medir dos veces, cortar una vez, aplastando la TI &#8211; <a href=\"https:\/\/twitter.com\/CrushNetworks\" target=\"_blank\" rel=\"noopener\">#CrushingIT<\/a><\/p>\t\t\t\t\t\t\t\t<\/div>\n\t\t\t\t<\/div>\n\t\t\t\t<div class=\"elementor-element elementor-element-75e3477f elementor-align-center elementor-widget elementor-widget-button\" data-id=\"75e3477f\" data-element_type=\"widget\" data-e-type=\"widget\" data-settings=\"{&quot;_animation&quot;:&quot;none&quot;}\" data-widget_type=\"button.default\">\n\t\t\t\t<div class=\"elementor-widget-container\">\n\t\t\t\t\t\t\t\t\t<div class=\"elementor-button-wrapper\">\n\t\t\t\t\t<a class=\"elementor-button elementor-button-link elementor-size-sm\" href=\"https:\/\/crushnetworks.com\/es\/contacto\/\">\n\t\t\t\t\t\t<span class=\"elementor-button-content-wrapper\">\n\t\t\t\t\t\t\t\t\t<span class=\"elementor-button-text\">Ay\u00fadanos a Aplastar la TI<\/span>\n\t\t\t\t\t<\/span>\n\t\t\t\t\t<\/a>\n\t\t\t\t<\/div>\n\t\t\t\t\t\t\t\t<\/div>\n\t\t\t\t<\/div>\n\t\t\t\t\t<\/div>\n\t\t<\/div>\n\t\t\t\t\t<\/div>\n\t\t<\/section>\n\t\t\t\t<\/div>\n\t\t","protected":false},"excerpt":{"rendered":"<p>Acerca de Nosotros David Leveille Presidente SharePoint, Teams, Azure, Power Platform e Integraci\u00f3n de Sistemas \u00bfQu\u00e9 es Crush Networks? Crush Networks es una empresa que ayuda a l\u00edderes tecnol\u00f3gicos a superar sus desaf\u00edos de la TI, ayud\u00e1ndote a\u00a0aplastar la TI. Fundada en 2017, nuestras ra\u00edces se remontan a m\u00e1s de 20 a\u00f1os en la industria [&hellip;]<\/p>\n","protected":false},"author":1,"featured_media":0,"parent":0,"menu_order":0,"comment_status":"closed","ping_status":"closed","template":"elementor_header_footer","meta":{"footnotes":""},"class_list":["post-188","page","type-page","status-publish","hentry"],"yoast_head":"<!-- This site is optimized with the Yoast SEO plugin v26.9 - https:\/\/yoast.com\/product\/yoast-seo-wordpress\/ -->\n<title>Nosotros - Crush Networks MX<\/title>\n<meta name=\"robots\" content=\"index, follow, max-snippet:-1, max-image-preview:large, max-video-preview:-1\" \/>\n<link rel=\"canonical\" href=\"https:\/\/crushnetworks.com\/es\/nosotros\/\" \/>\n<meta property=\"og:locale\" content=\"es_MX\" \/>\n<meta property=\"og:type\" content=\"article\" \/>\n<meta property=\"og:title\" content=\"Nosotros - Crush Networks MX\" \/>\n<meta property=\"og:description\" content=\"Acerca de Nosotros David Leveille Presidente SharePoint, Teams, Azure, Power Platform e Integraci\u00f3n de Sistemas \u00bfQu\u00e9 es Crush Networks? Crush Networks es una empresa que ayuda a l\u00edderes tecnol\u00f3gicos a superar sus desaf\u00edos de la TI, ayud\u00e1ndote a\u00a0aplastar la TI. Fundada en 2017, nuestras ra\u00edces se remontan a m\u00e1s de 20 a\u00f1os en la industria [&hellip;]\" \/>\n<meta property=\"og:url\" content=\"https:\/\/crushnetworks.com\/es\/nosotros\/\" \/>\n<meta property=\"og:site_name\" content=\"Crush Networks MX\" \/>\n<meta property=\"article:publisher\" content=\"https:\/\/www.facebook.com\/crushnetworks\" \/>\n<meta property=\"article:modified_time\" content=\"2024-07-21T16:23:30+00:00\" \/>\n<meta property=\"og:image\" content=\"https:\/\/crushnetworks.com\/es\/wp-content\/uploads\/sites\/6\/2022\/11\/David-Leveille.png\" \/>\n<meta name=\"twitter:card\" content=\"summary_large_image\" \/>\n<meta name=\"twitter:site\" content=\"@CrushNetworks\" \/>\n<meta name=\"twitter:label1\" content=\"Tiempo de lectura\" \/>\n\t<meta name=\"twitter:data1\" content=\"2 minutos\" \/>\n<script type=\"application\/ld+json\" class=\"yoast-schema-graph\">{\"@context\":\"https:\/\/schema.org\",\"@graph\":[{\"@type\":\"WebPage\",\"@id\":\"https:\/\/crushnetworks.com\/es\/nosotros\/\",\"url\":\"https:\/\/crushnetworks.com\/es\/nosotros\/\",\"name\":\"Nosotros - Crush Networks MX\",\"isPartOf\":{\"@id\":\"https:\/\/crushnetworks.com\/es\/#website\"},\"primaryImageOfPage\":{\"@id\":\"https:\/\/crushnetworks.com\/es\/nosotros\/#primaryimage\"},\"image\":{\"@id\":\"https:\/\/crushnetworks.com\/es\/nosotros\/#primaryimage\"},\"thumbnailUrl\":\"https:\/\/crushnetworks.com\/es\/wp-content\/uploads\/sites\/6\/2022\/11\/David-Leveille.png\",\"datePublished\":\"2022-11-29T05:03:57+00:00\",\"dateModified\":\"2024-07-21T16:23:30+00:00\",\"breadcrumb\":{\"@id\":\"https:\/\/crushnetworks.com\/es\/nosotros\/#breadcrumb\"},\"inLanguage\":\"es\",\"potentialAction\":[{\"@type\":\"ReadAction\",\"target\":[\"https:\/\/crushnetworks.com\/es\/nosotros\/\"]}]},{\"@type\":\"ImageObject\",\"inLanguage\":\"es\",\"@id\":\"https:\/\/crushnetworks.com\/es\/nosotros\/#primaryimage\",\"url\":\"https:\/\/crushnetworks.com\/es\/wp-content\/uploads\/sites\/6\/2022\/11\/David-Leveille.png\",\"contentUrl\":\"https:\/\/crushnetworks.com\/es\/wp-content\/uploads\/sites\/6\/2022\/11\/David-Leveille.png\",\"width\":400,\"height\":400,\"caption\":\"David Leveille\"},{\"@type\":\"BreadcrumbList\",\"@id\":\"https:\/\/crushnetworks.com\/es\/nosotros\/#breadcrumb\",\"itemListElement\":[{\"@type\":\"ListItem\",\"position\":1,\"name\":\"Home\",\"item\":\"https:\/\/crushnetworks.com\/es\/\"},{\"@type\":\"ListItem\",\"position\":2,\"name\":\"Nosotros\"}]},{\"@type\":\"WebSite\",\"@id\":\"https:\/\/crushnetworks.com\/es\/#website\",\"url\":\"https:\/\/crushnetworks.com\/es\/\",\"name\":\"Crush Networks MX\",\"description\":\"Te ayudamos a superar tus desafos con la TI\",\"publisher\":{\"@id\":\"https:\/\/crushnetworks.com\/es\/#organization\"},\"potentialAction\":[{\"@type\":\"SearchAction\",\"target\":{\"@type\":\"EntryPoint\",\"urlTemplate\":\"https:\/\/crushnetworks.com\/es\/?s={search_term_string}\"},\"query-input\":{\"@type\":\"PropertyValueSpecification\",\"valueRequired\":true,\"valueName\":\"search_term_string\"}}],\"inLanguage\":\"es\"},{\"@type\":\"Organization\",\"@id\":\"https:\/\/crushnetworks.com\/es\/#organization\",\"name\":\"Crush Networks MX\",\"url\":\"https:\/\/crushnetworks.com\/es\/\",\"logo\":{\"@type\":\"ImageObject\",\"inLanguage\":\"es\",\"@id\":\"https:\/\/crushnetworks.com\/es\/#\/schema\/logo\/image\/\",\"url\":\"https:\/\/crushnetworks.com\/es\/wp-content\/uploads\/sites\/6\/2022\/11\/crush_networks_1120x600px.png\",\"contentUrl\":\"https:\/\/crushnetworks.com\/es\/wp-content\/uploads\/sites\/6\/2022\/11\/crush_networks_1120x600px.png\",\"width\":1120,\"height\":600,\"caption\":\"Crush Networks MX\"},\"image\":{\"@id\":\"https:\/\/crushnetworks.com\/es\/#\/schema\/logo\/image\/\"},\"sameAs\":[\"https:\/\/www.facebook.com\/crushnetworks\",\"https:\/\/x.com\/CrushNetworks\",\"https:\/\/www.linkedin.com\/company\/crushnetworks\/\"]}]}<\/script>\n<!-- \/ Yoast SEO plugin. -->","yoast_head_json":{"title":"Nosotros - Crush Networks MX","robots":{"index":"index","follow":"follow","max-snippet":"max-snippet:-1","max-image-preview":"max-image-preview:large","max-video-preview":"max-video-preview:-1"},"canonical":"https:\/\/crushnetworks.com\/es\/nosotros\/","og_locale":"es_MX","og_type":"article","og_title":"Nosotros - Crush Networks MX","og_description":"Acerca de Nosotros David Leveille Presidente SharePoint, Teams, Azure, Power Platform e Integraci\u00f3n de Sistemas \u00bfQu\u00e9 es Crush Networks? Crush Networks es una empresa que ayuda a l\u00edderes tecnol\u00f3gicos a superar sus desaf\u00edos de la TI, ayud\u00e1ndote a\u00a0aplastar la TI. Fundada en 2017, nuestras ra\u00edces se remontan a m\u00e1s de 20 a\u00f1os en la industria [&hellip;]","og_url":"https:\/\/crushnetworks.com\/es\/nosotros\/","og_site_name":"Crush Networks MX","article_publisher":"https:\/\/www.facebook.com\/crushnetworks","article_modified_time":"2024-07-21T16:23:30+00:00","og_image":[{"url":"https:\/\/crushnetworks.com\/es\/wp-content\/uploads\/sites\/6\/2022\/11\/David-Leveille.png","type":"","width":"","height":""}],"twitter_card":"summary_large_image","twitter_site":"@CrushNetworks","twitter_misc":{"Tiempo de lectura":"2 minutos"},"schema":{"@context":"https:\/\/schema.org","@graph":[{"@type":"WebPage","@id":"https:\/\/crushnetworks.com\/es\/nosotros\/","url":"https:\/\/crushnetworks.com\/es\/nosotros\/","name":"Nosotros - Crush Networks MX","isPartOf":{"@id":"https:\/\/crushnetworks.com\/es\/#website"},"primaryImageOfPage":{"@id":"https:\/\/crushnetworks.com\/es\/nosotros\/#primaryimage"},"image":{"@id":"https:\/\/crushnetworks.com\/es\/nosotros\/#primaryimage"},"thumbnailUrl":"https:\/\/crushnetworks.com\/es\/wp-content\/uploads\/sites\/6\/2022\/11\/David-Leveille.png","datePublished":"2022-11-29T05:03:57+00:00","dateModified":"2024-07-21T16:23:30+00:00","breadcrumb":{"@id":"https:\/\/crushnetworks.com\/es\/nosotros\/#breadcrumb"},"inLanguage":"es","potentialAction":[{"@type":"ReadAction","target":["https:\/\/crushnetworks.com\/es\/nosotros\/"]}]},{"@type":"ImageObject","inLanguage":"es","@id":"https:\/\/crushnetworks.com\/es\/nosotros\/#primaryimage","url":"https:\/\/crushnetworks.com\/es\/wp-content\/uploads\/sites\/6\/2022\/11\/David-Leveille.png","contentUrl":"https:\/\/crushnetworks.com\/es\/wp-content\/uploads\/sites\/6\/2022\/11\/David-Leveille.png","width":400,"height":400,"caption":"David Leveille"},{"@type":"BreadcrumbList","@id":"https:\/\/crushnetworks.com\/es\/nosotros\/#breadcrumb","itemListElement":[{"@type":"ListItem","position":1,"name":"Home","item":"https:\/\/crushnetworks.com\/es\/"},{"@type":"ListItem","position":2,"name":"Nosotros"}]},{"@type":"WebSite","@id":"https:\/\/crushnetworks.com\/es\/#website","url":"https:\/\/crushnetworks.com\/es\/","name":"Crush Networks MX","description":"Te ayudamos a superar tus desafos con la TI","publisher":{"@id":"https:\/\/crushnetworks.com\/es\/#organization"},"potentialAction":[{"@type":"SearchAction","target":{"@type":"EntryPoint","urlTemplate":"https:\/\/crushnetworks.com\/es\/?s={search_term_string}"},"query-input":{"@type":"PropertyValueSpecification","valueRequired":true,"valueName":"search_term_string"}}],"inLanguage":"es"},{"@type":"Organization","@id":"https:\/\/crushnetworks.com\/es\/#organization","name":"Crush Networks MX","url":"https:\/\/crushnetworks.com\/es\/","logo":{"@type":"ImageObject","inLanguage":"es","@id":"https:\/\/crushnetworks.com\/es\/#\/schema\/logo\/image\/","url":"https:\/\/crushnetworks.com\/es\/wp-content\/uploads\/sites\/6\/2022\/11\/crush_networks_1120x600px.png","contentUrl":"https:\/\/crushnetworks.com\/es\/wp-content\/uploads\/sites\/6\/2022\/11\/crush_networks_1120x600px.png","width":1120,"height":600,"caption":"Crush Networks MX"},"image":{"@id":"https:\/\/crushnetworks.com\/es\/#\/schema\/logo\/image\/"},"sameAs":["https:\/\/www.facebook.com\/crushnetworks","https:\/\/x.com\/CrushNetworks","https:\/\/www.linkedin.com\/company\/crushnetworks\/"]}]}},"_links":{"self":[{"href":"https:\/\/crushnetworks.com\/es\/wp-json\/wp\/v2\/pages\/188","targetHints":{"allow":["GET"]}}],"collection":[{"href":"https:\/\/crushnetworks.com\/es\/wp-json\/wp\/v2\/pages"}],"about":[{"href":"https:\/\/crushnetworks.com\/es\/wp-json\/wp\/v2\/types\/page"}],"author":[{"embeddable":true,"href":"https:\/\/crushnetworks.com\/es\/wp-json\/wp\/v2\/users\/1"}],"replies":[{"embeddable":true,"href":"https:\/\/crushnetworks.com\/es\/wp-json\/wp\/v2\/comments?post=188"}],"version-history":[{"count":5,"href":"https:\/\/crushnetworks.com\/es\/wp-json\/wp\/v2\/pages\/188\/revisions"}],"predecessor-version":[{"id":864,"href":"https:\/\/crushnetworks.com\/es\/wp-json\/wp\/v2\/pages\/188\/revisions\/864"}],"wp:attachment":[{"href":"https:\/\/crushnetworks.com\/es\/wp-json\/wp\/v2\/media?parent=188"}],"curies":[{"name":"wp","href":"https:\/\/api.w.org\/{rel}","templated":true}]}}